{"id":8105,"date":"2026-02-12T15:58:23","date_gmt":"2026-02-12T14:58:23","guid":{"rendered":"https:\/\/iuad.lndo.site\/institutional-partners\/"},"modified":"2026-03-02T17:24:06","modified_gmt":"2026-03-02T16:24:06","slug":"institutional-partners","status":"publish","type":"page","link":"https:\/\/www.accademiamoda.it\/en\/institutional-partners\/","title":{"rendered":"Institutional Partners"},"content":{"rendered":"\n<div id=\"iuad-testo-colore-block_7e1e75584fc87a5d7dded82b21779a6e\" class=\"iuad-block iuad-block--testo-colore\" data-color-name=\"Neutro\">\n            <style>\n            #iuad-testo-colore-block_7e1e75584fc87a5d7dded82b21779a6e .iuad-block__content a,\n            #iuad-testo-colore-block_7e1e75584fc87a5d7dded82b21779a6e .iuad-block__title-heading {\n                color: #201F1F;\n            }\n            #iuad-testo-colore-block_7e1e75584fc87a5d7dded82b21779a6e .iuad-block__content ul {\n                list-style: disc;\n                padding-left: 30px;\n            }\n            #iuad-testo-colore-block_7e1e75584fc87a5d7dded82b21779a6e .iuad-block__content ul ul{\n                list-style: circle;\n            }\n            #iuad-testo-colore-block_7e1e75584fc87a5d7dded82b21779a6e .iuad-block__content ul li::marker {\n                color: #201F1F;\n                font-size: 2.5rem;\n                font-weight: 700;\n                line-height: 1;\n            }\n            #iuad-testo-colore-block_7e1e75584fc87a5d7dded82b21779a6e .iuad-block__content ol {\n                counter-reset: iuad-ol-counter;\n                list-style: none;\n                padding-left: 0;\n                margin-left: 0;\n            }\n            #iuad-testo-colore-block_7e1e75584fc87a5d7dded82b21779a6e .iuad-block__content ol li {\n                counter-increment: iuad-ol-counter;\n                position: relative;\n                padding-left: 5rem;\n                margin-bottom: 0.5rem;\n            }\n            #iuad-testo-colore-block_7e1e75584fc87a5d7dded82b21779a6e .iuad-block__content ol li::before {\n                content: counter(iuad-ol-counter, decimal-leading-zero) '.';\n                position: absolute;\n                left: 0;\n                top: 6px;\n                color: #201F1F;\n                font-weight: 700;\n                font-size: 2.5rem;\n                line-height: 1;\n                font-family: \"Tiempos Headline\", serif;\n            }\n        <\/style>\n    \n            <div class=\"iuad-block__title\">\n            <h3 class=\"iuad-block__title-heading iuad-block__title-heading--big\">\n                The Partnerships            <\/h3>\n        <\/div>\n    \n            <div class=\"iuad-block__content\">\n            <p>For more than 50 years, the &#8216;Academy has been creating connections and agreements with industry companies for training that is always up-to-date and in line with the working world, but above all to create post-training continuity.<\/p>\n<p>Thanks to the conception of<strong> <a href=\"https:\/\/accademiadellamoda.altamiraweb.com\/account\/login?PreviousPage=\/account\/home\">IUAD JOB<\/a><\/strong>, a platform dedicated to the world of work, students are constantly updated on internship opportunities, in addition, even senior students, who have a desire to change job positions, can register to follow open positions for advanced profiles.<\/p>\n<p>&nbsp;<\/p>\n        <\/div>\n    <\/div>\n\n\n<div id=\"partners\" class=\"iuad-block iuad-block--testo-colore\" data-color-name=\"Neutro\">\n            <style>\n            #partners .iuad-block__content a,\n            #partners .iuad-block__title-heading {\n                color: #201F1F;\n            }\n            #partners .iuad-block__content ul {\n                list-style: disc;\n                padding-left: 30px;\n            }\n            #partners .iuad-block__content ul ul{\n                list-style: circle;\n            }\n            #partners .iuad-block__content ul li::marker {\n                color: #201F1F;\n                font-size: 2.5rem;\n                font-weight: 700;\n                line-height: 1;\n            }\n            #partners .iuad-block__content ol {\n                counter-reset: iuad-ol-counter;\n                list-style: none;\n                padding-left: 0;\n                margin-left: 0;\n            }\n            #partners .iuad-block__content ol li {\n                counter-increment: iuad-ol-counter;\n                position: relative;\n                padding-left: 5rem;\n                margin-bottom: 0.5rem;\n            }\n            #partners .iuad-block__content ol li::before {\n                content: counter(iuad-ol-counter, decimal-leading-zero) '.';\n                position: absolute;\n                left: 0;\n                top: 6px;\n                color: #201F1F;\n                font-weight: 700;\n                font-size: 2.5rem;\n                line-height: 1;\n                font-family: \"Tiempos Headline\", serif;\n            }\n        <\/style>\n    \n            <div class=\"iuad-block__title\">\n            <h3 class=\"iuad-block__title-heading iuad-block__title-heading--big\">\n                Institutional Partners            <\/h3>\n        <\/div>\n    \n            <div class=\"iuad-block__content\">\n            <p><strong><a href=\"https:\/\/piattaformamoda.it\/\">Fashion Education System Platform<\/a><\/strong><\/p>\n<p><strong><a href=\"https:\/\/www.graduatefashionfoundation.com\/#thegfw21campaign\">Graduate Fashion Foundation<\/a><\/strong><\/p>\n<p><strong><a href=\"http:\/\/www.adci.it\/adci.html\">ADCI Art Directors Club Italy<\/a><\/strong><\/p>\n<p><strong><a href=\"https:\/\/www.adi-design.org\/homepage.html\">ADI Association for Industrial Design<\/a><\/strong><\/p>\n<p><strong><a href=\"https:\/\/www.assocalzaturifici.it\/ancimain\/homepage.html\">Assocalzaturifici<\/a><\/strong><\/p>\n<p><strong><a href=\"http:\/\/www.assomodaitalia.it\/associazione\">Assomoda<\/a><\/strong><\/p>\n<p><strong><a href=\"http:\/\/cec-footwearindustry.eu\/\">CEC &#8211; Conf\u00e9d\u00e9ration Europ\u00e9enne de l\u00b4Industrie de la Chaussure<\/a><\/strong><\/p>\n<p><strong><a href=\"http:\/\/www.na.archiworld.it\/cms\/\">Order of architects of Naples<\/a><\/strong><\/p>\n<p><strong><a href=\"https:\/\/www.unisa.it\/\">University of Salerno<\/a><\/strong><\/p>\n<p><strong><a href=\"https:\/\/www.uniparthenope.it\/\">University of Naples Parthenope<\/a><\/strong><\/p>\n<p>Join the community to stay up-to-date about job opportunities&#8230; Join <strong><a href=\"https:\/\/accademiadellamoda.altamiraweb.com\/account\/login?PreviousPage=\/account\/home\">IUAD JOB<\/a><\/strong><\/p>\n        <\/div>\n    <\/div>\n\n","protected":false},"excerpt":{"rendered":"<p> [&#8230;]<\/p>\n<p><a class=\"btn btn-secondary understrap-read-more-link\" href=\"https:\/\/www.accademiamoda.it\/en\/institutional-partners\/\">Read More&#8230;<span class=\"screen-reader-text\"> from Institutional Partners<\/span><\/a><\/p>\n","protected":false},"author":1,"featured_media":0,"parent":0,"menu_order":0,"comment_status":"closed","ping_status":"closed","template":"internal_page.php","meta":{"_acf_changed":false,"footnotes":""},"class_list":["post-8105","page","type-page","status-publish","hentry"],"acf":{"dipartimenti_collegati":[7834,7836,7837,7835],"riassunto_banner":""},"yoast_head":"<!-- This site is optimized with the Yoast SEO plugin v27.0 - https:\/\/yoast.com\/product\/yoast-seo-wordpress\/ -->\n<title>Institutional Partners - IUAD<\/title>\n<meta name=\"robots\" content=\"index, follow, max-snippet:-1, max-image-preview:large, max-video-preview:-1\" \/>\n<link rel=\"canonical\" href=\"https:\/\/www.accademiamoda.it\/en\/institutional-partners\/\" \/>\n<meta property=\"og:locale\" content=\"en_US\" \/>\n<meta property=\"og:type\" content=\"article\" \/>\n<meta property=\"og:title\" content=\"Institutional Partners - IUAD\" \/>\n<meta property=\"og:description\" content=\"[...]Read More... from Institutional Partners\" \/>\n<meta property=\"og:url\" content=\"https:\/\/www.accademiamoda.it\/en\/institutional-partners\/\" \/>\n<meta property=\"og:site_name\" content=\"IUAD\" \/>\n<meta property=\"article:modified_time\" content=\"2026-03-02T16:24:06+00:00\" \/>\n<meta name=\"twitter:card\" content=\"summary_large_image\" \/>\n<script type=\"application\/ld+json\" class=\"yoast-schema-graph\">{\"@context\":\"https:\/\/schema.org\",\"@graph\":[{\"@type\":\"WebPage\",\"@id\":\"https:\/\/www.accademiamoda.it\/en\/institutional-partners\/\",\"url\":\"https:\/\/www.accademiamoda.it\/en\/institutional-partners\/\",\"name\":\"Institutional Partners - IUAD\",\"isPartOf\":{\"@id\":\"https:\/\/www.accademiamoda.it\/en\/#website\"},\"datePublished\":\"2026-02-12T14:58:23+00:00\",\"dateModified\":\"2026-03-02T16:24:06+00:00\",\"breadcrumb\":{\"@id\":\"https:\/\/www.accademiamoda.it\/en\/institutional-partners\/#breadcrumb\"},\"inLanguage\":\"en-US\",\"potentialAction\":[{\"@type\":\"ReadAction\",\"target\":[\"https:\/\/www.accademiamoda.it\/en\/institutional-partners\/\"]}]},{\"@type\":\"BreadcrumbList\",\"@id\":\"https:\/\/www.accademiamoda.it\/en\/institutional-partners\/#breadcrumb\",\"itemListElement\":[{\"@type\":\"ListItem\",\"position\":1,\"name\":\"Home\",\"item\":\"https:\/\/www.accademiamoda.it\/en\/\"},{\"@type\":\"ListItem\",\"position\":2,\"name\":\"Institutional Partners\"}]},{\"@type\":\"WebSite\",\"@id\":\"https:\/\/www.accademiamoda.it\/en\/#website\",\"url\":\"https:\/\/www.accademiamoda.it\/en\/\",\"name\":\"IUAD\",\"description\":\"\",\"publisher\":{\"@id\":\"https:\/\/www.accademiamoda.it\/en\/#organization\"},\"potentialAction\":[{\"@type\":\"SearchAction\",\"target\":{\"@type\":\"EntryPoint\",\"urlTemplate\":\"https:\/\/www.accademiamoda.it\/en\/?s={search_term_string}\"},\"query-input\":{\"@type\":\"PropertyValueSpecification\",\"valueRequired\":true,\"valueName\":\"search_term_string\"}}],\"inLanguage\":\"en-US\"},{\"@type\":\"Organization\",\"@id\":\"https:\/\/www.accademiamoda.it\/en\/#organization\",\"name\":\"IUAD\",\"url\":\"https:\/\/www.accademiamoda.it\/en\/\",\"logo\":{\"@type\":\"ImageObject\",\"inLanguage\":\"en-US\",\"@id\":\"https:\/\/www.accademiamoda.it\/en\/#\/schema\/logo\/image\/\",\"url\":\"https:\/\/www.accademiamoda.it\/wp-content\/uploads\/2025\/10\/cropped-logo_iuad_black.png\",\"contentUrl\":\"https:\/\/www.accademiamoda.it\/wp-content\/uploads\/2025\/10\/cropped-logo_iuad_black.png\",\"width\":171,\"height\":171,\"caption\":\"IUAD\"},\"image\":{\"@id\":\"https:\/\/www.accademiamoda.it\/en\/#\/schema\/logo\/image\/\"}}]}<\/script>\n<!-- \/ Yoast SEO plugin. -->","yoast_head_json":{"title":"Institutional Partners - IUAD","robots":{"index":"index","follow":"follow","max-snippet":"max-snippet:-1","max-image-preview":"max-image-preview:large","max-video-preview":"max-video-preview:-1"},"canonical":"https:\/\/www.accademiamoda.it\/en\/institutional-partners\/","og_locale":"en_US","og_type":"article","og_title":"Institutional Partners - IUAD","og_description":"[...]Read More... from Institutional Partners","og_url":"https:\/\/www.accademiamoda.it\/en\/institutional-partners\/","og_site_name":"IUAD","article_modified_time":"2026-03-02T16:24:06+00:00","twitter_card":"summary_large_image","schema":{"@context":"https:\/\/schema.org","@graph":[{"@type":"WebPage","@id":"https:\/\/www.accademiamoda.it\/en\/institutional-partners\/","url":"https:\/\/www.accademiamoda.it\/en\/institutional-partners\/","name":"Institutional Partners - IUAD","isPartOf":{"@id":"https:\/\/www.accademiamoda.it\/en\/#website"},"datePublished":"2026-02-12T14:58:23+00:00","dateModified":"2026-03-02T16:24:06+00:00","breadcrumb":{"@id":"https:\/\/www.accademiamoda.it\/en\/institutional-partners\/#breadcrumb"},"inLanguage":"en-US","potentialAction":[{"@type":"ReadAction","target":["https:\/\/www.accademiamoda.it\/en\/institutional-partners\/"]}]},{"@type":"BreadcrumbList","@id":"https:\/\/www.accademiamoda.it\/en\/institutional-partners\/#breadcrumb","itemListElement":[{"@type":"ListItem","position":1,"name":"Home","item":"https:\/\/www.accademiamoda.it\/en\/"},{"@type":"ListItem","position":2,"name":"Institutional Partners"}]},{"@type":"WebSite","@id":"https:\/\/www.accademiamoda.it\/en\/#website","url":"https:\/\/www.accademiamoda.it\/en\/","name":"IUAD","description":"","publisher":{"@id":"https:\/\/www.accademiamoda.it\/en\/#organization"},"potentialAction":[{"@type":"SearchAction","target":{"@type":"EntryPoint","urlTemplate":"https:\/\/www.accademiamoda.it\/en\/?s={search_term_string}"},"query-input":{"@type":"PropertyValueSpecification","valueRequired":true,"valueName":"search_term_string"}}],"inLanguage":"en-US"},{"@type":"Organization","@id":"https:\/\/www.accademiamoda.it\/en\/#organization","name":"IUAD","url":"https:\/\/www.accademiamoda.it\/en\/","logo":{"@type":"ImageObject","inLanguage":"en-US","@id":"https:\/\/www.accademiamoda.it\/en\/#\/schema\/logo\/image\/","url":"https:\/\/www.accademiamoda.it\/wp-content\/uploads\/2025\/10\/cropped-logo_iuad_black.png","contentUrl":"https:\/\/www.accademiamoda.it\/wp-content\/uploads\/2025\/10\/cropped-logo_iuad_black.png","width":171,"height":171,"caption":"IUAD"},"image":{"@id":"https:\/\/www.accademiamoda.it\/en\/#\/schema\/logo\/image\/"}}]}},"_links":{"self":[{"href":"https:\/\/www.accademiamoda.it\/en\/wp-json\/wp\/v2\/pages\/8105","targetHints":{"allow":["GET"]}}],"collection":[{"href":"https:\/\/www.accademiamoda.it\/en\/wp-json\/wp\/v2\/pages"}],"about":[{"href":"https:\/\/www.accademiamoda.it\/en\/wp-json\/wp\/v2\/types\/page"}],"author":[{"embeddable":true,"href":"https:\/\/www.accademiamoda.it\/en\/wp-json\/wp\/v2\/users\/1"}],"replies":[{"embeddable":true,"href":"https:\/\/www.accademiamoda.it\/en\/wp-json\/wp\/v2\/comments?post=8105"}],"version-history":[{"count":1,"href":"https:\/\/www.accademiamoda.it\/en\/wp-json\/wp\/v2\/pages\/8105\/revisions"}],"predecessor-version":[{"id":8107,"href":"https:\/\/www.accademiamoda.it\/en\/wp-json\/wp\/v2\/pages\/8105\/revisions\/8107"}],"acf:post":[{"embeddable":true,"href":"https:\/\/www.accademiamoda.it\/en\/wp-json\/wp\/v2\/dipartimento\/7835"},{"embeddable":true,"href":"https:\/\/www.accademiamoda.it\/en\/wp-json\/wp\/v2\/dipartimento\/7837"},{"embeddable":true,"href":"https:\/\/www.accademiamoda.it\/en\/wp-json\/wp\/v2\/dipartimento\/7836"},{"embeddable":true,"href":"https:\/\/www.accademiamoda.it\/en\/wp-json\/wp\/v2\/dipartimento\/7834"}],"wp:attachment":[{"href":"https:\/\/www.accademiamoda.it\/en\/wp-json\/wp\/v2\/media?parent=8105"}],"curies":[{"name":"wp","href":"https:\/\/api.w.org\/{rel}","templated":true}]}}